{"id":31295,"date":"2018-04-04T16:01:21","date_gmt":"2018-04-04T22:01:21","guid":{"rendered":"http:\/\/comollego.com\/?page_id=31295"},"modified":"2018-04-04T18:10:16","modified_gmt":"2018-04-05T00:10:16","slug":"faq","status":"publish","type":"page","link":"https:\/\/comollego.com\/index.php\/faq\/","title":{"rendered":"ComoLlego &#8211; FAQ"},"content":{"rendered":"<div class=\"wpb-content-wrapper\"><p>[vc_row css=&#8221;.vc_custom_1522886009800{margin-right: 2px !important;margin-bottom: 5px !important;margin-left: 2px !important;}&#8221;][vc_column][vc_tta_accordion style=&#8221;flat&#8221; color=&#8221;turquoise&#8221; active_section=&#8221;&#8221; collapsible_all=&#8221;true&#8221; title=&#8221;Preguntas Frecuentes&#8221;][vc_tta_section title=&#8221;\u00bfTengo que realizar alg\u00fan pago para poder utilizar la aplicaci\u00f3n?&#8221; tab_id=&#8221;1522878906797-015acdf6-b84a&#8221;][vc_column_text]No. La descarga de la aplicaci\u00f3n es gratuita y al registrarte puedes crear un punto c\u00f3mollego gratuito con duraci\u00f3n de un mes.[\/vc_column_text][\/vc_tta_section][vc_tta_section title=&#8221;\u00bfPUEDO VOLVER A UTILIZAR MIS PUNTOS?&#8221; tab_id=&#8221;1522879202803-fc86db2a-3398&#8243;][vc_column_text]\u00a1Por supuesto! Todas las veces que quieras. Si es el punto Gratuito, deber\u00e1s eliminar el punto en el men\u00fa \u201cMis Puntos\u201d; inmediatamente podr\u00e1s crear un nuevo punto Gratuito. Los puntos pagados de igual manera puedes reutilizarlos las veces que quieras siempre y cuando todav\u00eda est\u00e9n vigentes.[\/vc_column_text][\/vc_tta_section][vc_tta_section title=&#8221;\u00bfDEBO REGISTRARME PARA BUSCAR UN PUNTO C\u00d3MOLLEGO?&#8221; tab_id=&#8221;1522878906798-67351735-0e64&#8243;][vc_column_text]No. Para buscar un punto c\u00f3mollego que te hayan compartido no es necesario que te registres. Puedes registrarte para aprovechar la funcionalidad adicional que te ofrece la aplicaci\u00f3n.[\/vc_column_text][\/vc_tta_section][\/vc_tta_accordion][\/vc_column][\/vc_row]<\/p>\n<\/div>","protected":false},"excerpt":{"rendered":"<p>[vc_row css=&#8221;.vc_custom_1522886009800{margin-right: 2px !important;margin-bottom: 5px !important;margin-left: 2px !important;}&#8221;][vc_column][vc_tta_accordion style=&#8221;flat&#8221; color=&#8221;turquoise&#8221; active_section=&#8221;&#8221; collapsible_all=&#8221;true&#8221; title=&#8221;Preguntas Frecuentes&#8221;][vc_tta_section title=&#8221;\u00bfTengo que realizar alg\u00fan pago para&#8230;<\/p>\n","protected":false},"author":1,"featured_media":0,"parent":0,"menu_order":0,"comment_status":"closed","ping_status":"closed","template":"..\/public\/views\/revslider-page-template.php","meta":{"_monsterinsights_skip_tracking":false,"_monsterinsights_sitenote_active":false,"_monsterinsights_sitenote_note":"","_monsterinsights_sitenote_category":0,"footnotes":""},"_links":{"self":[{"href":"https:\/\/comollego.com\/index.php\/wp-json\/wp\/v2\/pages\/31295"}],"collection":[{"href":"https:\/\/comollego.com\/index.php\/wp-json\/wp\/v2\/pages"}],"about":[{"href":"https:\/\/comollego.com\/index.php\/wp-json\/wp\/v2\/types\/page"}],"author":[{"embeddable":true,"href":"https:\/\/comollego.com\/index.php\/wp-json\/wp\/v2\/users\/1"}],"replies":[{"embeddable":true,"href":"https:\/\/comollego.com\/index.php\/wp-json\/wp\/v2\/comments?post=31295"}],"version-history":[{"count":17,"href":"https:\/\/comollego.com\/index.php\/wp-json\/wp\/v2\/pages\/31295\/revisions"}],"predecessor-version":[{"id":31312,"href":"https:\/\/comollego.com\/index.php\/wp-json\/wp\/v2\/pages\/31295\/revisions\/31312"}],"wp:attachment":[{"href":"https:\/\/comollego.com\/index.php\/wp-json\/wp\/v2\/media?parent=31295"}],"curies":[{"name":"wp","href":"https:\/\/api.w.org\/{rel}","templated":true}]}}