{"id":31159,"date":"2018-02-28T16:34:53","date_gmt":"2018-02-28T22:34:53","guid":{"rendered":"http:\/\/comollego.com\/?page_id=31159"},"modified":"2018-08-20T19:48:50","modified_gmt":"2018-08-21T01:48:50","slug":"como-llego","status":"publish","type":"page","link":"https:\/\/comollego.com\/","title":{"rendered":"ComoLlego &#8211; Inicio"},"content":{"rendered":"<div class=\"wpb-content-wrapper\"><p>[vc_row el_id=&#8221;link&#8221;][vc_column]<div class=\"centered-box\"><div class=\"gem-icon gem-icon-pack-elegant gem-icon-size-medium  gem-icon-shape-circle\"  style=\"border-color: #00c1cf;opacity: 1;\"><div class=\"gem-icon-inner\" style=\"\"><span class=\"gem-icon-half-1\" style=\"color: #00c1cf;\"><span class=\"back-angle\">&#x75;<\/span><\/span><span class=\"gem-icon-half-2\" style=\"color: #00c1cf;\"><span class=\"back-angle\">&#x75;<\/span><\/span><\/div><\/div><\/div><div class=\"clearboth\"><\/div><style>#thegem-divider-6a08527945f2e {margin-top: 14px !important;}<\/style><div id=\"thegem-divider-6a08527945f2e\" class=\"gem-divider  \" style=\"\" ><\/div>[vc_column_text css_animation=&#8221;fadeInUp&#8221;]<\/p>\n<div id=\"comofunciona\" class=\"title-h2\" style=\"text-align: center;\"><span class=\"light\" style=\"color: #00c1cf;\"><strong>\u00bfC\u00f3mo funciona?<\/strong><\/span><\/div>\n<p>[\/vc_column_text]<div class=\"clearboth\"><\/div><style>#thegem-divider-6a08527946322 {margin-top: -6px !important;}<\/style><div id=\"thegem-divider-6a08527946322\" class=\"gem-divider  \" style=\"\" ><\/div>[vc_separator color=&#8221;custom&#8221; el_width=&#8221;10&#8243; accent_color=&#8221;#00c1cf&#8221;]<div class=\"clearboth\"><\/div><style>#thegem-divider-6a0852794635d {margin-top: 10px !important;}<\/style><div id=\"thegem-divider-6a0852794635d\" class=\"gem-divider  \" style=\"\" ><\/div>[vc_column_text css_animation=&#8221;fadeInUp&#8221;]<\/p>\n<p style=\"text-align: center;\">\u00a1Tu direcci\u00f3n de una manera simple y exacta!<\/p>\n<p>[\/vc_column_text][\/vc_column][\/vc_row][vc_row][vc_column width=&#8221;1\/2&#8243;]<div class=\"clearboth\"><\/div><style>#thegem-divider-6a08527946386 {margin-top: 100px !important;}<\/style><div id=\"thegem-divider-6a08527946386\" class=\"gem-divider  \" style=\"\" ><\/div><div class=\"centered-box gem-image-centered-box\"><div class=\"gem-image gem-wrapbox gem-wrapbox-style-default gem-wrapbox-position-centered\"  style=\"\"><div class=\"gem-wrapbox-inner \" ><img class=\"gem-wrapbox-element img-responsive\" src=\"https:\/\/comollego.com\/wp-content\/uploads\/2018\/08\/cel_uso_comollego.jpg\" alt=\"\"\/><\/div><\/div><\/div>[\/vc_column][vc_column width=&#8221;1\/2&#8243;]<div class=\"clearboth\"><\/div><style>#thegem-divider-6a08527946698 {margin-top: -40px !important;}<\/style><div id=\"thegem-divider-6a08527946698\" class=\"gem-divider  \" style=\"\" ><\/div><div class=\"quickfinder quickfinder-style-classic row inline-row quickfinder-icon-position-top-float quickfinder-alignment-left quickfinder-title-bold\"><div id=\"post-31163\" class=\"quickfinder-item inline-column col-md-12 col-sm-12 col-xs-12 quickfinder-item-effect-border-reverse border-reverse-with-background icon-size-medium quickfinder-box-style-solid post-31163 thegem_qf_item type-thegem_qf_item status-publish\" data-ll-item-delay=\"0\"> <div class=\"quickfinder-item-box\" style=\"\"> <div class=\"quickfinder-item-table\">\t<div class=\"quickfinder-item-inner\"> <div class=\"quickfinder-item-image\"> <div class=\"quickfinder-item-image-content\" > <div class=\"quickfinder-item-image-wrapper\"> <div class=\"gem-icon gem-icon-pack-elegant gem-icon-size-medium gem-icon-shape-circle\" style=\"border-color: #ffffff;border-color: #fd8004;opacity: 1;\"><div class=\"gem-icon-inner\" style=\"background-color: #ffffff;\"><span class=\"gem-icon-half-1\" style=\"color: #fd8004;\"><span class=\"back-angle\">&#xe081;<\/span><\/span><span class=\"gem-icon-half-2\" style=\"color: #fd8004;\"><span class=\"back-angle\">&#xe081;<\/span><\/span><\/div><\/div> <\/div> <\/div> <\/div> <div class=\"quickfinder-item-info-wrapper\"> <div class=\"quickfinder-item-info \" > <div class=\"quickfinder-item-title\" style=\"color: #fd8004;\">Crea tu c\u00f3mollego Personalizado<\/div> <div class=\"quickfinder-item-text\" style=\"color: #969696;\">Puedes crear tu punto c\u00f3mollego con el nombre personalizado que desees y comp\u00e1rtelo. Por ejemplo: \/casajorge \/cumplewendy \/bodadeleon \/dondecarlos<\/div> <\/div> <\/div> <\/div> <\/div>\t<\/div> <a href=\"#comofunciona\" target=\"_self\" class=\"quickfinder-item-link\"><\/a> <\/div> <div id=\"post-31172\" class=\"quickfinder-item inline-column col-md-12 col-sm-12 col-xs-12 quickfinder-item-effect-border-reverse border-reverse-with-background icon-size-medium quickfinder-box-style-solid post-31172 thegem_qf_item type-thegem_qf_item status-publish\" data-ll-item-delay=\"0\"> <div class=\"quickfinder-item-box\" style=\"\"> <div class=\"quickfinder-item-table\">\t<div class=\"quickfinder-item-inner\"> <div class=\"quickfinder-item-image\"> <div class=\"quickfinder-item-image-content\" > <div class=\"quickfinder-item-image-wrapper\"> <div class=\"gem-icon gem-icon-pack-fontawesome gem-icon-size-medium gem-icon-shape-circle\" style=\"border-color: #ffffff;border-color: #fd8004;opacity: 1;\"><div class=\"gem-icon-inner\" style=\"background-color: #ffffff;\"><span class=\"gem-icon-half-1\" style=\"color: #fd8004;\"><span class=\"back-angle\">&#xf002;<\/span><\/span><span class=\"gem-icon-half-2\" style=\"color: #fd8004;\"><span class=\"back-angle\">&#xf002;<\/span><\/span><\/div><\/div> <\/div> <\/div> <\/div> <div class=\"quickfinder-item-info-wrapper\"> <div class=\"quickfinder-item-info \" > <div class=\"quickfinder-item-title\" style=\"color: #fd8004;\">Ingresa y B\u00fascalo<\/div> <div class=\"quickfinder-item-text\" style=\"color: #969696;\">Ingresa el nombre c\u00f3mollego que te han compartido en la pantalla inicial de la aplicaci\u00f3n, presiona Buscar y espera a que lo ubiquemos...<\/div> <\/div> <\/div> <\/div> <\/div>\t<\/div> <a href=\"#comofunciona\" target=\"_self\" class=\"quickfinder-item-link\"><\/a> <\/div> <div id=\"post-31173\" class=\"quickfinder-item inline-column col-md-12 col-sm-12 col-xs-12 quickfinder-item-effect-border-reverse border-reverse-with-background icon-size-medium quickfinder-box-style-solid post-31173 thegem_qf_item type-thegem_qf_item status-publish\" data-ll-item-delay=\"0\"> <div class=\"quickfinder-item-box\" style=\"\"> <div class=\"quickfinder-item-table\">\t<div class=\"quickfinder-item-inner\"> <div class=\"quickfinder-item-image\"> <div class=\"quickfinder-item-image-content\" > <div class=\"quickfinder-item-image-wrapper\"> <div class=\"gem-icon gem-icon-pack-material gem-icon-size-medium gem-icon-shape-circle\" style=\"border-color: #ffffff;border-color: #fd8004;opacity: 1;\"><div class=\"gem-icon-inner\" style=\"background-color: #ffffff;\"><span class=\"gem-icon-half-1\" style=\"color: #fd8004;\"><span class=\"back-angle\">&#xf1e3;<\/span><\/span><span class=\"gem-icon-half-2\" style=\"color: #fd8004;\"><span class=\"back-angle\">&#xf1e3;<\/span><\/span><\/div><\/div> <\/div> <\/div> <\/div> <div class=\"quickfinder-item-info-wrapper\"> <div class=\"quickfinder-item-info \" > <div class=\"quickfinder-item-title\" style=\"color: #fd8004;\">Encuentra la Mejor Ruta<\/div> <div class=\"quickfinder-item-text\" style=\"color: #969696;\">Presiona el bot\u00f3n C\u00d3MOLLEGO y selecciona tu App favorita (Waze, Google Maps, Apple Maps o Uber) para que te muestre la ruta \u00f3ptima al punto que te han compartido.<\/div> <\/div> <\/div> <\/div> <\/div>\t<\/div> <a href=\"#comofunciona\" target=\"_self\" class=\"quickfinder-item-link\"><\/a> <\/div> <\/div>[\/vc_column][\/vc_row][vc_row][vc_column]<div class=\"centered-box\"><div class=\"gem-icon gem-icon-pack-material gem-icon-size-medium  gem-icon-shape-circle\"  style=\"border-color: #00c1cf;opacity: 1;\"><div class=\"gem-icon-inner\" style=\"\"><span class=\"gem-icon-half-1\" style=\"color: #00c1cf;\"><span class=\"back-angle\">&#xf101;<\/span><\/span><span class=\"gem-icon-half-2\" style=\"color: #00c1cf;\"><span class=\"back-angle\">&#xf101;<\/span><\/span><\/div><\/div><\/div><div class=\"clearboth\"><\/div><style>#thegem-divider-6a08527947c88 {margin-top: 14px !important;}<\/style><div id=\"thegem-divider-6a08527947c88\" class=\"gem-divider  \" style=\"\" ><\/div>[vc_column_text css_animation=&#8221;fadeInUp&#8221;]<\/p>\n<div id=\"ventajas\" class=\"title-h2\" style=\"text-align: center;\"><span class=\"light\" style=\"color: #00c1cf;\"><strong>Ventajas al Registrarte<\/strong><\/span><\/div>\n<p>[\/vc_column_text]<div class=\"clearboth\"><\/div><style>#thegem-divider-6a08527947cae {margin-top: -6px !important;}<\/style><div id=\"thegem-divider-6a08527947cae\" class=\"gem-divider  \" style=\"\" ><\/div>[vc_separator color=&#8221;custom&#8221; el_width=&#8221;10&#8243; accent_color=&#8221;#00c1cf&#8221;]<div class=\"clearboth\"><\/div><style>#thegem-divider-6a08527947cc8 {margin-top: 10px !important;}<\/style><div id=\"thegem-divider-6a08527947cc8\" class=\"gem-divider  \" style=\"\" ><\/div>[vc_column_text css_animation=&#8221;fadeInUp&#8221;]<\/p>\n<p style=\"text-align: center; margin: 0 auto;\">Reg\u00edstrate y crea tu cuenta para poder utilizar todas las funciones disponibles.<\/p>\n<p>[\/vc_column_text]<div class=\"clearboth\"><\/div><style>#thegem-divider-6a08527947cdc {margin-top: 85px !important;}<\/style><div id=\"thegem-divider-6a08527947cdc\" class=\"gem-divider  \" style=\"\" ><\/div>[\/vc_column][\/vc_row][vc_row][vc_column width=&#8221;1\/2&#8243;]<div class=\"clearboth\"><\/div><style>#thegem-divider-6a08527947cf0 {margin-top: -40px !important;}<\/style><div id=\"thegem-divider-6a08527947cf0\" class=\"gem-divider  \" style=\"\" ><\/div><div class=\"quickfinder quickfinder-style-classic row inline-row quickfinder-icon-position-top-float quickfinder-alignment-left quickfinder-title-bold\"><div id=\"post-31181\" class=\"quickfinder-item inline-column col-md-12 col-sm-12 col-xs-12 quickfinder-item-effect-border-reverse border-reverse-with-background icon-size-medium quickfinder-box-style-solid post-31181 thegem_qf_item type-thegem_qf_item status-publish\" data-ll-item-delay=\"0\"> <div class=\"quickfinder-item-box\" style=\"\"> <div class=\"quickfinder-item-table\">\t<div class=\"quickfinder-item-inner\"> <div class=\"quickfinder-item-image\"> <div class=\"quickfinder-item-image-content\" > <div class=\"quickfinder-item-image-wrapper\"> <div class=\"gem-icon gem-icon-pack-elegant gem-icon-size-medium gem-icon-shape-circle\" style=\"border-color: #ffffff;border-color: #fd8004;opacity: 1;\"><div class=\"gem-icon-inner\" style=\"background-color: #ffffff;\"><span class=\"gem-icon-half-1\" style=\"color: #fd8004;\"><span class=\"back-angle\">&#xe082;<\/span><\/span><span class=\"gem-icon-half-2\" style=\"color: #fd8004;\"><span class=\"back-angle\">&#xe082;<\/span><\/span><\/div><\/div> <\/div> <\/div> <\/div> <div class=\"quickfinder-item-info-wrapper\"> <div class=\"quickfinder-item-info \" > <div class=\"quickfinder-item-title\" style=\"color: #fd8004;\">Crear puntos personalizados<\/div> <div class=\"quickfinder-item-text\" style=\"color: #969696;\">Al registrarte podr\u00e1s crear un punto gratuito simult\u00e1neamente y todos los puntos comprados que desees. El punto gratuito deber\u00e1 iniciar con alguno de los 5 prefijos predefinidos, mientras que los puntos pagados son 100% personalizables.<\/div> <\/div> <\/div> <\/div> <\/div>\t<\/div> <a href=\"#ventajasalregistrarte\" target=\"_self\" class=\"quickfinder-item-link\"><\/a> <\/div> <div id=\"post-31182\" class=\"quickfinder-item inline-column col-md-12 col-sm-12 col-xs-12 quickfinder-item-effect-border-reverse border-reverse-with-background icon-size-medium quickfinder-box-style-solid post-31182 thegem_qf_item type-thegem_qf_item status-publish\" data-ll-item-delay=\"0\"> <div class=\"quickfinder-item-box\" style=\"\"> <div class=\"quickfinder-item-table\">\t<div class=\"quickfinder-item-inner\"> <div class=\"quickfinder-item-image\"> <div class=\"quickfinder-item-image-content\" > <div class=\"quickfinder-item-image-wrapper\"> <div class=\"gem-icon gem-icon-pack-elegant gem-icon-size-medium angle-45deg-l gem-icon-shape-circle\" style=\"border-color: #fd8004;opacity: 1;\"><div class=\"gem-icon-inner\" style=\"background-color: #ffffff;\"><span class=\"gem-icon-half-1\" style=\"color: #fd8004;\"><span class=\"back-angle\">&#xe089;<\/span><\/span><span class=\"gem-icon-half-2\" style=\"color: #fd8004;\"><span class=\"back-angle\">&#xe089;<\/span><\/span><\/div><\/div> <\/div> <\/div> <\/div> <div class=\"quickfinder-item-info-wrapper\"> <div class=\"quickfinder-item-info \" > <div class=\"quickfinder-item-title\" style=\"color: #fd8004;\">Agregar a Favoritos<\/div> <div class=\"quickfinder-item-text\" style=\"color: #969696;\">Podr\u00e1s agregar al men\u00fa de Favoritos puntos c\u00f3mollego de tus amigos para accesarlos f\u00e1cilmente en un futuro.<\/div> <\/div> <\/div> <\/div> <\/div>\t<\/div> <a href=\"#ventajasalregistrarte\" target=\"_self\" class=\"quickfinder-item-link\"><\/a> <\/div> <div id=\"post-31185\" class=\"quickfinder-item inline-column col-md-12 col-sm-12 col-xs-12 quickfinder-item-effect-border-reverse border-reverse-with-background icon-size-medium quickfinder-box-style-solid post-31185 thegem_qf_item type-thegem_qf_item status-publish\" data-ll-item-delay=\"0\"> <div class=\"quickfinder-item-box\" style=\"\"> <div class=\"quickfinder-item-table\">\t<div class=\"quickfinder-item-inner\"> <div class=\"quickfinder-item-image\"> <div class=\"quickfinder-item-image-content\" > <div class=\"quickfinder-item-image-wrapper\"> <div class=\"gem-icon gem-icon-pack-material gem-icon-size-medium gem-icon-shape-circle\" style=\"border-color: #ffffff;border-color: #fd8004;opacity: 1;\"><div class=\"gem-icon-inner\" style=\"background-color: #ffffff;\"><span class=\"gem-icon-half-1\" style=\"color: #fd8004;\"><span class=\"back-angle\">&#xf4b8;<\/span><\/span><span class=\"gem-icon-half-2\" style=\"color: #fd8004;\"><span class=\"back-angle\">&#xf4b8;<\/span><\/span><\/div><\/div> <\/div> <\/div> <\/div> <div class=\"quickfinder-item-info-wrapper\"> <div class=\"quickfinder-item-info \" > <div class=\"quickfinder-item-title\" style=\"color: #fd8004;\">Reutiliza tus puntos<\/div> <div class=\"quickfinder-item-text\" style=\"color: #969696;\">Si ya no deseas el punto c\u00f3mollego que has creado, puedes reutilizarlo de nuevo. Solo debes ir a \"Mis Puntos\" y \"Eliminar\" o \"Limpiar\" el punto. Esto aplica tanto para el punto gratuito como para los puntos pagados.<\/div> <\/div> <\/div> <\/div> <\/div>\t<\/div> <a href=\"#ventajasalregistrarte\" target=\"_self\" class=\"quickfinder-item-link\"><\/a> <\/div> <\/div>[\/vc_column][vc_column width=&#8221;1\/2&#8243;]<div class=\"clearboth\"><\/div><style>#thegem-divider-6a08527948f92 {margin-top: 100px !important;}<\/style><div id=\"thegem-divider-6a08527948f92\" class=\"gem-divider  \" style=\"\" ><\/div><div class=\"centered-box gem-image-centered-box\"><div class=\"gem-image gem-wrapbox gem-wrapbox-style-default gem-wrapbox-position-centered\"  style=\"\"><div class=\"gem-wrapbox-inner \" ><img class=\"gem-wrapbox-element img-responsive\" src=\"https:\/\/comollego.com\/wp-content\/uploads\/2018\/08\/cel_uso_ventajas.jpg\" alt=\"\"\/><\/div><\/div><\/div>[\/vc_column][\/vc_row][vc_row css=&#8221;.vc_custom_1458987840817{margin-bottom: 0px !important;}&#8221;][vc_column]<div id=\"fullwidth-block-6a085279493fe\" class=\"fullwidth-block clearfix\"  style=\"padding-top: 50px;padding-bottom: 100px;\"><script type=\"text\/javascript\">if (typeof(gem_fix_fullwidth_position) == \"function\") { gem_fix_fullwidth_position(document.getElementById(\"fullwidth-block-6a085279493fe\")); }<\/script><div class=\"fullwidth-block-background\" style=\"background-image: url(https:\/\/comollego.com\/wp-content\/uploads\/2018\/03\/bg-app-comollego.png);background-repeat: no-repeat; background-size: cover;background-position: center top;\"><\/div><div class=\"fullwidth-block-inner\"><div class=\"container\">[vc_column_text]<\/p>\n<div id=\"screenshots\" class=\"title-h2\" style=\"text-align: center;\"><span class=\"light\" style=\"color: #ffffff;\"><strong>Screenshots<\/strong><\/span><\/div>\n<p>[\/vc_column_text]<div class=\"clearboth\"><\/div><style>#thegem-divider-6a085279494d0 {margin-top: 100px !important;}<\/style><div id=\"thegem-divider-6a085279494d0\" class=\"gem-divider  \" style=\"\" ><\/div>[vc_row_inner][vc_column_inner][vc_column_text]\n\t\t\t<!-- START comollego Screenshots REVOLUTION SLIDER 6.7.9 --><p class=\"rs-p-wp-fix\"><\/p>\n\t\t\t<rs-module-wrap id=\"rev_slider_47_1_wrapper\" data-source=\"gallery\" style=\"visibility:hidden;background:transparent;padding:0;margin:0px auto;margin-top:0;margin-bottom:0;\">\n\t\t\t\t<rs-module id=\"rev_slider_47_1\" style=\"\" data-version=\"6.7.9\">\n\t\t\t\t\t<rs-slides style=\"overflow: hidden; position: absolute;\">\n\t\t\t\t\t\t<rs-slide style=\"position: absolute;\" data-key=\"rs-128\" data-title=\"Slide\" data-anim=\"ms:600;\" data-in=\"o:0;\">\n\t\t\t\t\t\t\t<img src=\"\/\/comollego.com\/wp-content\/uploads\/2018\/03\/comollego_ss_1.png\" alt=\"\" title=\"Reutiliza tus puntos\" class=\"rev-slidebg tp-rs-img\" data-bg=\"f:contain;\" data-no-retina>\n<!---->\t\t\t\t\t<\/rs-slide>\n\t\t\t\t\t\t<rs-slide style=\"position: absolute;\" data-key=\"rs-129\" data-title=\"Slide\" data-anim=\"ms:600;\" data-in=\"o:0;\">\n\t\t\t\t\t\t\t<img src=\"\/\/comollego.com\/wp-content\/uploads\/2018\/03\/comollego_ss_2.png\" alt=\"\" title=\"Reutiliza tus puntos\" class=\"rev-slidebg tp-rs-img\" data-bg=\"p:center top;f:contain;\" data-no-retina>\n<!---->\t\t\t\t\t<\/rs-slide>\n\t\t\t\t\t\t<rs-slide style=\"position: absolute;\" data-key=\"rs-130\" data-title=\"Slide\" data-anim=\"ms:600;\" data-in=\"o:0;\">\n\t\t\t\t\t\t\t<img src=\"\/\/comollego.com\/wp-content\/uploads\/2018\/03\/comollego_ss_3.png\" alt=\"\" title=\"Reutiliza tus puntos\" class=\"rev-slidebg tp-rs-img\" data-bg=\"p:center top;f:contain;\" data-no-retina>\n<!---->\t\t\t\t\t<\/rs-slide>\n\t\t\t\t\t\t<rs-slide style=\"position: absolute;\" data-key=\"rs-131\" data-title=\"Slide\" data-anim=\"ms:600;\" data-in=\"o:0;\">\n\t\t\t\t\t\t\t<img src=\"\/\/comollego.com\/wp-content\/uploads\/2018\/03\/comollego_ss_4.png\" alt=\"\" title=\"Reutiliza tus puntos\" class=\"rev-slidebg tp-rs-img\" data-bg=\"p:center top;f:contain;\" data-no-retina>\n<!---->\t\t\t\t\t<\/rs-slide>\n\t\t\t\t\t\t<rs-slide style=\"position: absolute;\" data-key=\"rs-132\" data-title=\"Slide\" data-anim=\"ms:600;\" data-in=\"o:0;\">\n\t\t\t\t\t\t\t<img src=\"\/\/comollego.com\/wp-content\/uploads\/2018\/03\/comollego_ss_5.jpg\" alt=\"\" title=\"Reutiliza tus puntos\" class=\"rev-slidebg tp-rs-img\" data-bg=\"p:center top;f:contain;\" data-no-retina>\n<!---->\t\t\t\t\t<\/rs-slide>\n\t\t\t\t\t\t<rs-slide style=\"position: absolute;\" data-key=\"rs-133\" data-title=\"Slide\" data-anim=\"ms:600;\" data-in=\"o:0;\">\n\t\t\t\t\t\t\t<img src=\"\/\/comollego.com\/wp-content\/uploads\/2018\/03\/comollego_ss_6.png\" alt=\"\" title=\"Reutiliza tus puntos\" class=\"rev-slidebg tp-rs-img\" data-bg=\"p:center top;f:contain;\" data-no-retina>\n<!---->\t\t\t\t\t<\/rs-slide>\n\t\t\t\t\t<\/rs-slides>\n\t\t\t\t\t<rs-static-layers class=\"rs-stl-visible\"><!--\n\n\t\t\t\t\t\t\t--><rs-layer\n\t\t\t\t\t\t\t\tid=\"slider-47-slide-18-layer-7\" \n\t\t\t\t\t\t\t\tclass=\"rs-layer-static\"\n\t\t\t\t\t\t\t\tdata-type=\"image\"\n\t\t\t\t\t\t\t\tdata-xy=\"x:c;y:-63px;\"\n\t\t\t\t\t\t\t\tdata-text=\"l:22;\"\n\t\t\t\t\t\t\t\tdata-dim=\"w:348px;h:634px;\"\n\t\t\t\t\t\t\t\tdata-vbility=\"t,t,t,f\"\n\t\t\t\t\t\t\t\tdata-rsp_bd=\"off\"\n\t\t\t\t\t\t\t\tdata-onslides=\"s:1;\"\n\t\t\t\t\t\t\t\tdata-frame_0=\"tp:600;\"\n\t\t\t\t\t\t\t\tdata-frame_1=\"tp:600;e:power2.inOut;st:500;sR:500;\"\n\t\t\t\t\t\t\t\tdata-frame_999=\"o:0;tp:600;e:nothing;st:w;sR:8200.00061035;\"\n\t\t\t\t\t\t\t\tstyle=\"z-index:5;\"\n\t\t\t\t\t\t\t><img src=\"\/\/comollego.com\/wp-content\/uploads\/revslider\/app-sparta-content-slider\/6-4.png\" alt=\"\" class=\"tp-rs-img\" width=\"348\" height=\"634\" data-no-retina> \n\t\t\t\t\t\t\t<\/rs-layer><!--\n\t\t\t\t\t--><\/rs-static-layers>\n\t\t\t\t<\/rs-module>\n\t\t\t\t<script>\n\t\t\t\t\tsetREVStartSize({c: 'rev_slider_47_1',rl:[1240,1024,778,480],el:[438],gw:[350],gh:[438],type:'carousel',justify:'',layout:'fullwidth',mh:\"0\"});if (window.RS_MODULES!==undefined && window.RS_MODULES.modules!==undefined && window.RS_MODULES.modules[\"revslider471\"]!==undefined) {window.RS_MODULES.modules[\"revslider471\"].once = false;window.revapi47 = undefined;if (window.RS_MODULES.checkMinimal!==undefined) window.RS_MODULES.checkMinimal()}\n\t\t\t\t<\/script>\n\t\t\t<\/rs-module-wrap>\n\t\t\t<!-- END REVOLUTION SLIDER -->\n[\/vc_column_text][\/vc_column_inner][\/vc_row_inner]<\/div><\/div><\/div>[\/vc_column][\/vc_row][vc_row][vc_column]<div class=\"clearboth\"><\/div><style>#thegem-divider-6a0852794dffc {margin-top: 76px !important;}<\/style><div id=\"thegem-divider-6a0852794dffc\" class=\"gem-divider  \" style=\"\" ><\/div><div class=\"centered-box\"><div class=\"gem-icon gem-icon-pack-fontawesome gem-icon-size-medium  gem-icon-shape-square gem-simple-icon\"  style=\"opacity: 1;\"><div class=\"gem-icon-inner\" style=\"\"><span class=\"gem-icon-half-1\" style=\"color: #00c1cf;\"><span class=\"back-angle\">&#xf27a;<\/span><\/span><span class=\"gem-icon-half-2\" style=\"color: #00c1cf;\"><span class=\"back-angle\">&#xf27a;<\/span><\/span><\/div><\/div><\/div><div class=\"clearboth\"><\/div><style>#thegem-divider-6a0852794e05f {margin-top: 14px !important;}<\/style><div id=\"thegem-divider-6a0852794e05f\" class=\"gem-divider  \" style=\"\" ><\/div>[vc_column_text]<\/p>\n<div id=\"faq\" class=\"title-h2\" style=\"text-align: center;\"><span class=\"light\" style=\"color: #00c1cf;\"><strong>Preguntas Frecuentes<\/strong><\/span><\/div>\n<p>[\/vc_column_text]<div class=\"clearboth\"><\/div><style>#thegem-divider-6a0852794e07c {margin-top: 60px !important;}<\/style><div id=\"thegem-divider-6a0852794e07c\" class=\"gem-divider  \" style=\"\" ><\/div>[\/vc_column][\/vc_row][vc_row][vc_column][vc_tta_accordion style=&#8221;flat&#8221; shape=&#8221;round&#8221; color=&#8221;turquoise&#8221; c_icon=&#8221;solid_rounded&#8221; active_section=&#8221;&#8221; collapsible_all=&#8221;true&#8221;][vc_tta_section title=&#8221;\u00bfTengo que realizar alg\u00fan pago para poder utilizar la aplicaci\u00f3n?&#8221; tab_id=&#8221;1458991291948-5fe085a6-3086&#8243;][vc_column_text]No. La descarga de la aplicaci\u00f3n es gratuita y al registrarte puedes crear un punto c\u00f3mollego gratuito con duraci\u00f3n de un mes.[\/vc_column_text][\/vc_tta_section][vc_tta_section title=&#8221;\u00bfDebo registrarme para buscar un punto c\u00f3mollego?&#8221; tab_id=&#8221;1458991384856-7beb83ed-e395&#8243;][vc_column_text]No.\u00a0Para buscar un punto c\u00f3mollego que te hayan compartido no es necesario que te registres. Puedes registrarte para aprovechar la funcionalidad adicional que te ofrece la aplicaci\u00f3n.[\/vc_column_text][\/vc_tta_section][vc_tta_section title=&#8221;\u00bfC\u00f3mo llego a un punto una vez lo he encontrado?&#8221; tab_id=&#8221;1534718317747-d7737fc8-0ba7&#8243;][vc_column_text]Puedes utilizar cualquiera de las siguientes aplicaciones para que ubiquen tu ruta \u00f3ptima: Waze, Google Maps, Apple Maps y Uber.[\/vc_column_text][\/vc_tta_section][vc_tta_section title=&#8221;\u00bfPuedo volver a utilizar mis puntos?&#8221; tab_id=&#8221;1458991388308-80a58f51-baa1&#8243;][vc_column_text]\u00a1Por supuesto! Todas las veces que quieras. Si es el punto Gratuito, deber\u00e1s eliminar el punto en el men\u00fa &#8220;Mis Puntos&#8221;; inmediatamente podr\u00e1s crear un nuevo punto Gratuito. Los puntos pagados de igual manera puedes reutilizarlos las veces que quieras siempre y cuando todav\u00eda est\u00e9n vigentes.[\/vc_column_text][\/vc_tta_section][\/vc_tta_accordion]<div class=\"clearboth\"><\/div><style>#thegem-divider-6a0852794e093 {margin-top: 105px !important;}<\/style><div id=\"thegem-divider-6a0852794e093\" class=\"gem-divider  \" style=\"\" ><\/div>[\/vc_column][\/vc_row]<\/p>\n<\/div>","protected":false},"excerpt":{"rendered":"<p>[vc_row el_id=&#8221;link&#8221;][vc_column][vc_column_text css_animation=&#8221;fadeInUp&#8221;] \u00bfC\u00f3mo funciona? [\/vc_column_text][vc_separator color=&#8221;custom&#8221; el_width=&#8221;10&#8243; accent_color=&#8221;#00c1cf&#8221;][vc_column_text css_animation=&#8221;fadeInUp&#8221;] \u00a1Tu direcci\u00f3n de una manera simple y exacta! [\/vc_column_text][\/vc_column][\/vc_row][vc_row][vc_column width=&#8221;1\/2&#8243;][\/vc_column][vc_column&#8230;<\/p>\n","protected":false},"author":1,"featured_media":0,"parent":0,"menu_order":0,"comment_status":"closed","ping_status":"closed","template":"","meta":{"_monsterinsights_skip_tracking":false,"_monsterinsights_sitenote_active":false,"_monsterinsights_sitenote_note":"","_monsterinsights_sitenote_category":0,"footnotes":""},"_links":{"self":[{"href":"https:\/\/comollego.com\/index.php\/wp-json\/wp\/v2\/pages\/31159"}],"collection":[{"href":"https:\/\/comollego.com\/index.php\/wp-json\/wp\/v2\/pages"}],"about":[{"href":"https:\/\/comollego.com\/index.php\/wp-json\/wp\/v2\/types\/page"}],"author":[{"embeddable":true,"href":"https:\/\/comollego.com\/index.php\/wp-json\/wp\/v2\/users\/1"}],"replies":[{"embeddable":true,"href":"https:\/\/comollego.com\/index.php\/wp-json\/wp\/v2\/comments?post=31159"}],"version-history":[{"count":50,"href":"https:\/\/comollego.com\/index.php\/wp-json\/wp\/v2\/pages\/31159\/revisions"}],"predecessor-version":[{"id":31438,"href":"https:\/\/comollego.com\/index.php\/wp-json\/wp\/v2\/pages\/31159\/revisions\/31438"}],"wp:attachment":[{"href":"https:\/\/comollego.com\/index.php\/wp-json\/wp\/v2\/media?parent=31159"}],"curies":[{"name":"wp","href":"https:\/\/api.w.org\/{rel}","templated":true}]}}